{"id":1738,"date":"2023-12-09T22:28:37","date_gmt":"2023-12-10T01:28:37","guid":{"rendered":"https:\/\/calnsg.com.br\/?page_id=1738"},"modified":"2025-05-29T09:24:38","modified_gmt":"2025-05-29T12:24:38","slug":"trabalhe-conosco","status":"publish","type":"page","link":"https:\/\/calnsg.com.br\/index.php\/trabalhe-conosco\/","title":{"rendered":"Trabalhe conosco"},"content":{"rendered":"\t\t<div data-elementor-type=\"wp-page\" data-elementor-id=\"1738\" class=\"elementor elementor-1738\">\n\t\t\t\t\t\t<section class=\"elementor-section elementor-top-section elementor-element elementor-element-6f20d17 elementor-section-full_width elementor-section-stretched elementor-section-height-default elementor-section-height-default wpr-particle-no wpr-jarallax-no wpr-parallax-no\" data-id=\"6f20d17\" data-element_type=\"section\" data-e-type=\"section\" data-settings=\"{&quot;background_background&quot;:&quot;classic&quot;,&quot;stretch_section&quot;:&quot;section-stretched&quot;}\">\n\t\t\t\t\t\t\t<div class=\"elementor-background-overlay\"><\/div>\n\t\t\t\t\t\t\t<div class=\"elementor-container elementor-column-gap-default\">\n\t\t\t\t\t<div class=\"elementor-column elementor-col-100 elementor-top-column elementor-element elementor-element-6f1a088\" data-id=\"6f1a088\" data-element_type=\"column\" data-e-type=\"column\">\n\t\t\t<div class=\"elementor-widget-wrap elementor-element-populated\">\n\t\t\t\t\t\t<div class=\"elementor-element elementor-element-3bb42e5 elementor-invisible elementor-widget elementor-widget-heading\" data-id=\"3bb42e5\" data-element_type=\"widget\" data-e-type=\"widget\" data-settings=\"{&quot;_animation&quot;:&quot;fadeInDown&quot;}\" data-widget_type=\"heading.default\">\n\t\t\t\t<div class=\"elementor-widget-container\">\n\t\t\t\t\t<h2 class=\"elementor-heading-title elementor-size-medium\">TRABALHE NA NSG<\/h2>\t\t\t\t<\/div>\n\t\t\t\t<\/div>\n\t\t\t\t\t<\/div>\n\t\t<\/div>\n\t\t\t\t\t<\/div>\n\t\t<\/section>\n\t\t\t\t<section class=\"elementor-section elementor-top-section elementor-element elementor-element-3387b6a elementor-section-full_width elementor-section-height-default elementor-section-height-default wpr-particle-no wpr-jarallax-no wpr-parallax-no wpr-sticky-section-no\" data-id=\"3387b6a\" data-element_type=\"section\" data-e-type=\"section\">\n\t\t\t\t\t\t<div class=\"elementor-container elementor-column-gap-default\">\n\t\t\t\t\t<div class=\"elementor-column elementor-col-100 elementor-top-column elementor-element elementor-element-f3a84c1\" data-id=\"f3a84c1\" data-element_type=\"column\" data-e-type=\"column\">\n\t\t\t<div class=\"elementor-widget-wrap elementor-element-populated\">\n\t\t\t\t\t\t<section class=\"elementor-section elementor-inner-section elementor-element elementor-element-e90388d elementor-section-boxed elementor-section-height-default elementor-section-height-default wpr-particle-no wpr-jarallax-no wpr-parallax-no wpr-sticky-section-no\" data-id=\"e90388d\" data-element_type=\"section\" data-e-type=\"section\">\n\t\t\t\t\t\t<div class=\"elementor-container elementor-column-gap-default\">\n\t\t\t\t\t<div class=\"elementor-column elementor-col-50 elementor-inner-column elementor-element elementor-element-f5a6819 elementor-invisible\" data-id=\"f5a6819\" data-element_type=\"column\" data-e-type=\"column\" data-settings=\"{&quot;animation&quot;:&quot;fadeInLeft&quot;}\">\n\t\t\t<div class=\"elementor-widget-wrap elementor-element-populated\">\n\t\t\t\t\t\t<div class=\"elementor-element elementor-element-e3afb9a elementor-widget elementor-widget-shortcode\" data-id=\"e3afb9a\" data-element_type=\"widget\" data-e-type=\"widget\" data-widget_type=\"shortcode.default\">\n\t\t\t\t<div class=\"elementor-widget-container\">\n\t\t\t\t\t\t\t<div class=\"elementor-shortcode\"><form id=\"forminator-module-1753\" class=\"forminator-custom-form forminator-custom-form-1753\" method=\"post\" data-forminator-render=\"0\" data-uid=\"69e22b7e1401c\"><div role=\"alert\" aria-live=\"polite\" class=\"forminator-response-message forminator-error\" aria-hidden=\"true\"><\/div><\/form><\/div>\n\t\t\t\t\t\t<\/div>\n\t\t\t\t<\/div>\n\t\t\t\t\t<\/div>\n\t\t<\/div>\n\t\t\t\t<div class=\"elementor-column elementor-col-50 elementor-inner-column elementor-element elementor-element-c859437\" data-id=\"c859437\" data-element_type=\"column\" data-e-type=\"column\">\n\t\t\t<div class=\"elementor-widget-wrap elementor-element-populated\">\n\t\t\t\t\t\t<div class=\"elementor-element elementor-element-1b30493 elementor-widget elementor-widget-heading\" data-id=\"1b30493\" data-element_type=\"widget\" data-e-type=\"widget\" data-widget_type=\"heading.default\">\n\t\t\t\t<div class=\"elementor-widget-container\">\n\t\t\t\t\t<h4 class=\"elementor-heading-title elementor-size-default\">Por que trabalhar\u00a0conosco?\n<\/h4>\t\t\t\t<\/div>\n\t\t\t\t<\/div>\n\t\t\t\t<div class=\"elementor-element elementor-element-d334d08 elementor-widget__width-initial elementor-widget elementor-widget-text-editor\" data-id=\"d334d08\" data-element_type=\"widget\" data-e-type=\"widget\" data-widget_type=\"text-editor.default\">\n\t\t\t\t<div class=\"elementor-widget-container\">\n\t\t\t\t\t\t\t\t\t<p>Na Calcina\u00e7\u00e3o Nossa Senhora da Guia, estamos sempre em busca de novos talentos para compor nosso time de colaboradores.<\/p><p>Se voc\u00ea \u00e9 um profissional qualificado e motivado, temos um lugar para voc\u00ea. Oferecemos oportunidades de trabalho em diversas \u00e1reas.<\/p><p>Para se candidatar a uma de nossas vagas, preencha o formul\u00e1rio ao lado e anexe seu curr\u00edculo.<\/p><p>Al\u00e9m disso, confira as vagas que s\u00e3o sempre atualizadas em nosso Instagram. (@calcinacao.nsg)<\/p>\t\t\t\t\t\t\t\t<\/div>\n\t\t\t\t<\/div>\n\t\t\t\t\t<\/div>\n\t\t<\/div>\n\t\t\t\t\t<\/div>\n\t\t<\/section>\n\t\t\t\t\t<\/div>\n\t\t<\/div>\n\t\t\t\t\t<\/div>\n\t\t<\/section>\n\t\t\t\t<section class=\"elementor-section elementor-top-section elementor-element elementor-element-70286e7 elementor-section-height-min-height elementor-section-content-middle elementor-section-boxed elementor-section-height-default elementor-section-items-middle wpr-particle-no wpr-jarallax-no wpr-parallax-no wpr-sticky-section-no\" data-id=\"70286e7\" data-element_type=\"section\" data-e-type=\"section\" data-settings=\"{&quot;background_background&quot;:&quot;classic&quot;}\">\n\t\t\t\t\t\t\t<div class=\"elementor-background-overlay\"><\/div>\n\t\t\t\t\t\t\t<div class=\"elementor-container elementor-column-gap-no\">\n\t\t\t\t\t<div class=\"elementor-column elementor-col-50 elementor-top-column elementor-element elementor-element-9a627b9\" data-id=\"9a627b9\" data-element_type=\"column\" data-e-type=\"column\">\n\t\t\t<div class=\"elementor-widget-wrap elementor-element-populated\">\n\t\t\t\t\t\t<div class=\"elementor-element elementor-element-d5f4a15 elementor-widget elementor-widget-heading\" data-id=\"d5f4a15\" data-element_type=\"widget\" data-e-type=\"widget\" data-widget_type=\"heading.default\">\n\t\t\t\t<div class=\"elementor-widget-container\">\n\t\t\t\t\t<h5 class=\"elementor-heading-title elementor-size-default\">Padr\u00e3o de qualidade<\/h5>\t\t\t\t<\/div>\n\t\t\t\t<\/div>\n\t\t\t\t<div class=\"elementor-element elementor-element-92aa365 elementor-widget elementor-widget-heading\" data-id=\"92aa365\" data-element_type=\"widget\" data-e-type=\"widget\" data-widget_type=\"heading.default\">\n\t\t\t\t<div class=\"elementor-widget-container\">\n\t\t\t\t\t<h2 class=\"elementor-heading-title elementor-size-default\">GARANTIA DE<br>EXCEL\u00caNCIA<\/h2>\t\t\t\t<\/div>\n\t\t\t\t<\/div>\n\t\t\t\t<div class=\"elementor-element elementor-element-86887b8 elementor-widget elementor-widget-heading\" data-id=\"86887b8\" data-element_type=\"widget\" data-e-type=\"widget\" data-widget_type=\"heading.default\">\n\t\t\t\t<div class=\"elementor-widget-container\">\n\t\t\t\t\t<h2 class=\"elementor-heading-title elementor-size-default\">Na Calcina\u00e7\u00e3o Nossa Senhora da Guia, temos o compromisso de oferecer produtos da mais alta qualidade. Para alcan\u00e7ar esse objetivo, investimos em um laborat\u00f3rio pr\u00f3prio e moderno, equipado com tecnologia de ponta. <\/h2>\t\t\t\t<\/div>\n\t\t\t\t<\/div>\n\t\t\t\t\t<\/div>\n\t\t<\/div>\n\t\t\t\t<div class=\"elementor-column elementor-col-50 elementor-top-column elementor-element elementor-element-025c062\" data-id=\"025c062\" data-element_type=\"column\" data-e-type=\"column\">\n\t\t\t<div class=\"elementor-widget-wrap elementor-element-populated\">\n\t\t\t\t\t\t<div class=\"elementor-element elementor-element-dfe940b elementor-widget__width-initial elementor-widget elementor-widget-heading\" data-id=\"dfe940b\" data-element_type=\"widget\" data-e-type=\"widget\" data-widget_type=\"heading.default\">\n\t\t\t\t<div class=\"elementor-widget-container\">\n\t\t\t\t\t<h2 class=\"elementor-heading-title elementor-size-default\"><br>\n<br>\n<br>\n<br>\n<br>\n\n\nNossa equipe \u00e9 composta por profissionais altamente qualificados que supervisionam rigorosamente todos os aspectos de nossos sistemas de produ\u00e7\u00e3o. Eles garantem que nossas opera\u00e7\u00f5es estejam em conformidade com os padr\u00f5es e as normas regulamentadoras.\n<br>\n<br>\n\nEstamos comprometidos n\u00e3o apenas com a qualidade, mas tamb\u00e9m com a seguran\u00e7a e a conformidade em todos os n\u00edveis de nossa produ\u00e7\u00e3o de cal. Nos esfor\u00e7amos continuamente para manter a excel\u00eancia em nossos produtos, garantindo que atendam n\u00e3o apenas \u00e0s expectativas dos clientes, mas tamb\u00e9m \u00e0s normas ambientais\u00a0e\u00a0regulat\u00f3rias.<\/h2>\t\t\t\t<\/div>\n\t\t\t\t<\/div>\n\t\t\t\t\t<\/div>\n\t\t<\/div>\n\t\t\t\t\t<\/div>\n\t\t<\/section>\n\t\t\t\t<\/div>\n\t\t","protected":false},"excerpt":{"rendered":"<p>TRABALHE NA NSG Por que trabalhar\u00a0conosco? Na Calcina\u00e7\u00e3o Nossa Senhora da Guia, estamos sempre em busca de novos talentos para compor nosso time de colaboradores. Se voc\u00ea \u00e9 um profissional qualificado e motivado, temos um lugar para voc\u00ea. Oferecemos oportunidades de trabalho em diversas \u00e1reas. Para se candidatar a uma de nossas vagas, preencha o formul\u00e1rio ao lado e anexe seu curr\u00edculo. Al\u00e9m disso, confira as vagas que s\u00e3o sempre atualizadas em nosso Instagram. (@calcinacao.nsg) Padr\u00e3o de qualidade GARANTIA DEEXCEL\u00caNCIA Na Calcina\u00e7\u00e3o Nossa Senhora da Guia, temos o compromisso de oferecer produtos da mais alta qualidade. Para alcan\u00e7ar esse objetivo, investimos em um laborat\u00f3rio pr\u00f3prio e moderno, equipado com tecnologia de ponta. Nossa equipe \u00e9 composta por profissionais altamente qualificados que supervisionam rigorosamente todos os aspectos de nossos sistemas de produ\u00e7\u00e3o. Eles garantem que nossas opera\u00e7\u00f5es estejam em conformidade com os padr\u00f5es e as normas regulamentadoras. Estamos comprometidos n\u00e3o apenas com a qualidade, mas tamb\u00e9m com a seguran\u00e7a e a conformidade em todos os n\u00edveis de nossa produ\u00e7\u00e3o de cal. Nos esfor\u00e7amos continuamente para manter a excel\u00eancia em nossos produtos, garantindo que atendam n\u00e3o apenas \u00e0s expectativas dos clientes, mas tamb\u00e9m \u00e0s normas ambientais\u00a0e\u00a0regulat\u00f3rias.<\/p>\n","protected":false},"author":1,"featured_media":0,"parent":0,"menu_order":0,"comment_status":"closed","ping_status":"closed","template":"","meta":{"_eb_attr":"","site-sidebar-layout":"no-sidebar","site-content-layout":"page-builder","ast-site-content-layout":"default","site-content-style":"default","site-sidebar-style":"default","ast-global-header-display":"","ast-banner-title-visibility":"","ast-main-header-display":"","ast-hfb-above-header-display":"","ast-hfb-below-header-display":"","ast-hfb-mobile-header-display":"","site-post-title":"disabled","ast-breadcrumbs-content":"","ast-featured-img":"disabled","footer-sml-layout":"","ast-disable-related-posts":"","theme-transparent-header-meta":"","adv-header-id-meta":"","stick-header-meta":"","header-above-stick-meta":"","header-main-stick-meta":"","header-below-stick-meta":"","astra-migrate-meta-layouts":"default","ast-page-background-enabled":"default","ast-page-background-meta":{"desktop":{"background-color":"var(--ast-global-color-4)","background-image":"","background-repeat":"repeat","background-position":"center center","background-size":"auto","background-attachment":"scroll","background-type":"","background-media":"","overlay-type":"","overlay-color":"","overlay-opacity":"","overlay-gradient":""},"tablet":{"background-color":"","background-image":"","background-repeat":"repeat","background-position":"center center","background-size":"auto","background-attachment":"scroll","background-type":"","background-media":"","overlay-type":"","overlay-color":"","overlay-opacity":"","overlay-gradient":""},"mobile":{"background-color":"","background-image":"","background-repeat":"repeat","background-position":"center center","background-size":"auto","background-attachment":"scroll","background-type":"","background-media":"","overlay-type":"","overlay-color":"","overlay-opacity":"","overlay-gradient":""}},"ast-content-background-meta":{"desktop":{"background-color":"var(--ast-global-color-5)","background-image":"","background-repeat":"repeat","background-position":"center center","background-size":"auto","background-attachment":"scroll","background-type":"","background-media":"","overlay-type":"","overlay-color":"","overlay-opacity":"","overlay-gradient":""},"tablet":{"background-color":"var(--ast-global-color-5)","background-image":"","background-repeat":"repeat","background-position":"center center","background-size":"auto","background-attachment":"scroll","background-type":"","background-media":"","overlay-type":"","overlay-color":"","overlay-opacity":"","overlay-gradient":""},"mobile":{"background-color":"var(--ast-global-color-5)","background-image":"","background-repeat":"repeat","background-position":"center center","background-size":"auto","background-attachment":"scroll","background-type":"","background-media":"","overlay-type":"","overlay-color":"","overlay-opacity":"","overlay-gradient":""}},"_joinchat":[],"footnotes":""},"class_list":["post-1738","page","type-page","status-publish","hentry"],"yoast_head":"<!-- This site is optimized with the Yoast SEO plugin v27.1.1 - https:\/\/yoast.com\/product\/yoast-seo-wordpress\/ -->\n<title>Trabalhe conosco - Grupo NSG<\/title>\n<meta name=\"robots\" content=\"index, follow, max-snippet:-1, max-image-preview:large, max-video-preview:-1\" \/>\n<link rel=\"canonical\" href=\"https:\/\/calnsg.com.br\/index.php\/trabalhe-conosco\/\" \/>\n<meta property=\"og:locale\" content=\"pt_BR\" \/>\n<meta property=\"og:type\" content=\"article\" \/>\n<meta property=\"og:title\" content=\"Trabalhe conosco - Grupo NSG\" \/>\n<meta property=\"og:description\" content=\"TRABALHE NA NSG Por que trabalhar\u00a0conosco? Na Calcina\u00e7\u00e3o Nossa Senhora da Guia, estamos sempre em busca de novos talentos para compor nosso time de colaboradores. Se voc\u00ea \u00e9 um profissional qualificado e motivado, temos um lugar para voc\u00ea. Oferecemos oportunidades de trabalho em diversas \u00e1reas. Para se candidatar a uma de nossas vagas, preencha o formul\u00e1rio ao lado e anexe seu curr\u00edculo. Al\u00e9m disso, confira as vagas que s\u00e3o sempre atualizadas em nosso Instagram. (@calcinacao.nsg) Padr\u00e3o de qualidade GARANTIA DEEXCEL\u00caNCIA Na Calcina\u00e7\u00e3o Nossa Senhora da Guia, temos o compromisso de oferecer produtos da mais alta qualidade. Para alcan\u00e7ar esse objetivo, investimos em um laborat\u00f3rio pr\u00f3prio e moderno, equipado com tecnologia de ponta. Nossa equipe \u00e9 composta por profissionais altamente qualificados que supervisionam rigorosamente todos os aspectos de nossos sistemas de produ\u00e7\u00e3o. Eles garantem que nossas opera\u00e7\u00f5es estejam em conformidade com os padr\u00f5es e as normas regulamentadoras. Estamos comprometidos n\u00e3o apenas com a qualidade, mas tamb\u00e9m com a seguran\u00e7a e a conformidade em todos os n\u00edveis de nossa produ\u00e7\u00e3o de cal. Nos esfor\u00e7amos continuamente para manter a excel\u00eancia em nossos produtos, garantindo que atendam n\u00e3o apenas \u00e0s expectativas dos clientes, mas tamb\u00e9m \u00e0s normas ambientais\u00a0e\u00a0regulat\u00f3rias.\" \/>\n<meta property=\"og:url\" content=\"https:\/\/calnsg.com.br\/index.php\/trabalhe-conosco\/\" \/>\n<meta property=\"og:site_name\" content=\"Grupo NSG\" \/>\n<meta property=\"article:modified_time\" content=\"2025-05-29T12:24:38+00:00\" \/>\n<meta name=\"twitter:card\" content=\"summary_large_image\" \/>\n<meta name=\"twitter:label1\" content=\"Est. tempo de leitura\" \/>\n\t<meta name=\"twitter:data1\" content=\"2 minutos\" \/>\n<script type=\"application\/ld+json\" class=\"yoast-schema-graph\">{\"@context\":\"https:\/\/schema.org\",\"@graph\":[{\"@type\":\"WebPage\",\"@id\":\"https:\/\/calnsg.com.br\/index.php\/trabalhe-conosco\/\",\"url\":\"https:\/\/calnsg.com.br\/index.php\/trabalhe-conosco\/\",\"name\":\"Trabalhe conosco - Grupo NSG\",\"isPartOf\":{\"@id\":\"https:\/\/calnsg.com.br\/#website\"},\"datePublished\":\"2023-12-10T01:28:37+00:00\",\"dateModified\":\"2025-05-29T12:24:38+00:00\",\"breadcrumb\":{\"@id\":\"https:\/\/calnsg.com.br\/index.php\/trabalhe-conosco\/#breadcrumb\"},\"inLanguage\":\"pt-BR\",\"potentialAction\":[{\"@type\":\"ReadAction\",\"target\":[\"https:\/\/calnsg.com.br\/index.php\/trabalhe-conosco\/\"]}]},{\"@type\":\"BreadcrumbList\",\"@id\":\"https:\/\/calnsg.com.br\/index.php\/trabalhe-conosco\/#breadcrumb\",\"itemListElement\":[{\"@type\":\"ListItem\",\"position\":1,\"name\":\"In\u00edcio\",\"item\":\"https:\/\/calnsg.com.br\/\"},{\"@type\":\"ListItem\",\"position\":2,\"name\":\"Trabalhe conosco\"}]},{\"@type\":\"WebSite\",\"@id\":\"https:\/\/calnsg.com.br\/#website\",\"url\":\"https:\/\/calnsg.com.br\/\",\"name\":\"Grupo NSG\",\"description\":\"\",\"publisher\":{\"@id\":\"https:\/\/calnsg.com.br\/#organization\"},\"potentialAction\":[{\"@type\":\"SearchAction\",\"target\":{\"@type\":\"EntryPoint\",\"urlTemplate\":\"https:\/\/calnsg.com.br\/?s={search_term_string}\"},\"query-input\":{\"@type\":\"PropertyValueSpecification\",\"valueRequired\":true,\"valueName\":\"search_term_string\"}}],\"inLanguage\":\"pt-BR\"},{\"@type\":\"Organization\",\"@id\":\"https:\/\/calnsg.com.br\/#organization\",\"name\":\"Grupo NSG\",\"url\":\"https:\/\/calnsg.com.br\/\",\"logo\":{\"@type\":\"ImageObject\",\"inLanguage\":\"pt-BR\",\"@id\":\"https:\/\/calnsg.com.br\/#\/schema\/logo\/image\/\",\"url\":\"https:\/\/calnsg.com.br\/wp-content\/uploads\/2022\/11\/Logo-simples.png\",\"contentUrl\":\"https:\/\/calnsg.com.br\/wp-content\/uploads\/2022\/11\/Logo-simples.png\",\"width\":238,\"height\":281,\"caption\":\"Grupo NSG\"},\"image\":{\"@id\":\"https:\/\/calnsg.com.br\/#\/schema\/logo\/image\/\"}}]}<\/script>\n<!-- \/ Yoast SEO plugin. -->","yoast_head_json":{"title":"Trabalhe conosco - Grupo NSG","robots":{"index":"index","follow":"follow","max-snippet":"max-snippet:-1","max-image-preview":"max-image-preview:large","max-video-preview":"max-video-preview:-1"},"canonical":"https:\/\/calnsg.com.br\/index.php\/trabalhe-conosco\/","og_locale":"pt_BR","og_type":"article","og_title":"Trabalhe conosco - Grupo NSG","og_description":"TRABALHE NA NSG Por que trabalhar\u00a0conosco? Na Calcina\u00e7\u00e3o Nossa Senhora da Guia, estamos sempre em busca de novos talentos para compor nosso time de colaboradores. Se voc\u00ea \u00e9 um profissional qualificado e motivado, temos um lugar para voc\u00ea. Oferecemos oportunidades de trabalho em diversas \u00e1reas. Para se candidatar a uma de nossas vagas, preencha o formul\u00e1rio ao lado e anexe seu curr\u00edculo. Al\u00e9m disso, confira as vagas que s\u00e3o sempre atualizadas em nosso Instagram. (@calcinacao.nsg) Padr\u00e3o de qualidade GARANTIA DEEXCEL\u00caNCIA Na Calcina\u00e7\u00e3o Nossa Senhora da Guia, temos o compromisso de oferecer produtos da mais alta qualidade. Para alcan\u00e7ar esse objetivo, investimos em um laborat\u00f3rio pr\u00f3prio e moderno, equipado com tecnologia de ponta. Nossa equipe \u00e9 composta por profissionais altamente qualificados que supervisionam rigorosamente todos os aspectos de nossos sistemas de produ\u00e7\u00e3o. Eles garantem que nossas opera\u00e7\u00f5es estejam em conformidade com os padr\u00f5es e as normas regulamentadoras. Estamos comprometidos n\u00e3o apenas com a qualidade, mas tamb\u00e9m com a seguran\u00e7a e a conformidade em todos os n\u00edveis de nossa produ\u00e7\u00e3o de cal. Nos esfor\u00e7amos continuamente para manter a excel\u00eancia em nossos produtos, garantindo que atendam n\u00e3o apenas \u00e0s expectativas dos clientes, mas tamb\u00e9m \u00e0s normas ambientais\u00a0e\u00a0regulat\u00f3rias.","og_url":"https:\/\/calnsg.com.br\/index.php\/trabalhe-conosco\/","og_site_name":"Grupo NSG","article_modified_time":"2025-05-29T12:24:38+00:00","twitter_card":"summary_large_image","twitter_misc":{"Est. tempo de leitura":"2 minutos"},"schema":{"@context":"https:\/\/schema.org","@graph":[{"@type":"WebPage","@id":"https:\/\/calnsg.com.br\/index.php\/trabalhe-conosco\/","url":"https:\/\/calnsg.com.br\/index.php\/trabalhe-conosco\/","name":"Trabalhe conosco - Grupo NSG","isPartOf":{"@id":"https:\/\/calnsg.com.br\/#website"},"datePublished":"2023-12-10T01:28:37+00:00","dateModified":"2025-05-29T12:24:38+00:00","breadcrumb":{"@id":"https:\/\/calnsg.com.br\/index.php\/trabalhe-conosco\/#breadcrumb"},"inLanguage":"pt-BR","potentialAction":[{"@type":"ReadAction","target":["https:\/\/calnsg.com.br\/index.php\/trabalhe-conosco\/"]}]},{"@type":"BreadcrumbList","@id":"https:\/\/calnsg.com.br\/index.php\/trabalhe-conosco\/#breadcrumb","itemListElement":[{"@type":"ListItem","position":1,"name":"In\u00edcio","item":"https:\/\/calnsg.com.br\/"},{"@type":"ListItem","position":2,"name":"Trabalhe conosco"}]},{"@type":"WebSite","@id":"https:\/\/calnsg.com.br\/#website","url":"https:\/\/calnsg.com.br\/","name":"Grupo NSG","description":"","publisher":{"@id":"https:\/\/calnsg.com.br\/#organization"},"potentialAction":[{"@type":"SearchAction","target":{"@type":"EntryPoint","urlTemplate":"https:\/\/calnsg.com.br\/?s={search_term_string}"},"query-input":{"@type":"PropertyValueSpecification","valueRequired":true,"valueName":"search_term_string"}}],"inLanguage":"pt-BR"},{"@type":"Organization","@id":"https:\/\/calnsg.com.br\/#organization","name":"Grupo NSG","url":"https:\/\/calnsg.com.br\/","logo":{"@type":"ImageObject","inLanguage":"pt-BR","@id":"https:\/\/calnsg.com.br\/#\/schema\/logo\/image\/","url":"https:\/\/calnsg.com.br\/wp-content\/uploads\/2022\/11\/Logo-simples.png","contentUrl":"https:\/\/calnsg.com.br\/wp-content\/uploads\/2022\/11\/Logo-simples.png","width":238,"height":281,"caption":"Grupo NSG"},"image":{"@id":"https:\/\/calnsg.com.br\/#\/schema\/logo\/image\/"}}]}},"rttpg_featured_image_url":null,"rttpg_author":{"display_name":"calnsg","author_link":"https:\/\/calnsg.com.br\/index.php\/author\/percursodafe\/"},"rttpg_comment":0,"rttpg_category":null,"rttpg_excerpt":"TRABALHE NA NSG Por que trabalhar\u00a0conosco? Na Calcina\u00e7\u00e3o Nossa Senhora da Guia, estamos sempre em busca de novos talentos para compor nosso time de colaboradores. Se voc\u00ea \u00e9 um profissional qualificado e motivado, temos um lugar para voc\u00ea. Oferecemos oportunidades de trabalho em diversas \u00e1reas. Para se candidatar a uma de nossas vagas, preencha o&hellip;","_links":{"self":[{"href":"https:\/\/calnsg.com.br\/index.php\/wp-json\/wp\/v2\/pages\/1738","targetHints":{"allow":["GET"]}}],"collection":[{"href":"https:\/\/calnsg.com.br\/index.php\/wp-json\/wp\/v2\/pages"}],"about":[{"href":"https:\/\/calnsg.com.br\/index.php\/wp-json\/wp\/v2\/types\/page"}],"author":[{"embeddable":true,"href":"https:\/\/calnsg.com.br\/index.php\/wp-json\/wp\/v2\/users\/1"}],"replies":[{"embeddable":true,"href":"https:\/\/calnsg.com.br\/index.php\/wp-json\/wp\/v2\/comments?post=1738"}],"version-history":[{"count":115,"href":"https:\/\/calnsg.com.br\/index.php\/wp-json\/wp\/v2\/pages\/1738\/revisions"}],"predecessor-version":[{"id":2245,"href":"https:\/\/calnsg.com.br\/index.php\/wp-json\/wp\/v2\/pages\/1738\/revisions\/2245"}],"wp:attachment":[{"href":"https:\/\/calnsg.com.br\/index.php\/wp-json\/wp\/v2\/media?parent=1738"}],"curies":[{"name":"wp","href":"https:\/\/api.w.org\/{rel}","templated":true}]}}